{"id":16,"date":"2021-10-15T23:12:09","date_gmt":"2021-10-15T23:12:09","guid":{"rendered":"https:\/\/45.76.32.207\/?page_id=16"},"modified":"2026-03-10T19:51:08","modified_gmt":"2026-03-10T19:51:08","slug":"contact","status":"publish","type":"page","link":"https:\/\/sk-export.com\/es\/contact\/","title":{"rendered":"Contacto"},"content":{"rendered":"","protected":false},"excerpt":{"rendered":"","protected":false},"author":1,"featured_media":0,"parent":0,"menu_order":0,"comment_status":"closed","ping_status":"closed","template":"templates\/contact.php","meta":{"_acf_changed":false,"footnotes":""},"class_list":["post-16","page","type-page","status-publish","hentry"],"acf":[],"yoast_head":"<!-- This site is optimized with the Yoast SEO Premium plugin v26.0 (Yoast SEO v26.0) - https:\/\/yoast.com\/wordpress\/plugins\/seo\/ -->\n<title>Contact &amp; Wholesale Quote | SK Export<\/title>\n<meta name=\"description\" content=\"Contact SK Export for wholesale pricing on European used clothing, stocklots &amp; shoes. Fast quotes for B2B buyers in Africa, Latin America &amp; beyond.\" \/>\n<meta name=\"robots\" content=\"index, follow, max-snippet:-1, max-image-preview:large, max-video-preview:-1\" \/>\n<link rel=\"canonical\" href=\"https:\/\/sk-export.com\/es\/contact\/\" \/>\n<meta property=\"og:locale\" content=\"es_ES\" \/>\n<meta property=\"og:type\" content=\"article\" \/>\n<meta property=\"og:title\" content=\"Contact\" \/>\n<meta property=\"og:description\" content=\"SK Export is a specialized company in the import and export of European sorted used clothing, new clothing stock lot &amp; Shoes in the UAE.\" \/>\n<meta property=\"og:url\" content=\"https:\/\/sk-export.com\/es\/contact\/\" \/>\n<meta property=\"og:site_name\" content=\"SK Export | Secondhand &amp; New Clothes Supplier in the UAE\" \/>\n<meta property=\"article:publisher\" content=\"https:\/\/www.facebook.com\/SKExportFZC\" \/>\n<meta property=\"article:modified_time\" content=\"2026-03-10T19:51:08+00:00\" \/>\n<meta property=\"og:image\" content=\"https:\/\/sk-export.com\/wp-content\/uploads\/2021\/11\/Group-246das3.png\" \/>\n\t<meta property=\"og:image:width\" content=\"485\" \/>\n\t<meta property=\"og:image:height\" content=\"485\" \/>\n\t<meta property=\"og:image:type\" content=\"image\/png\" \/>\n<meta name=\"twitter:card\" content=\"summary_large_image\" \/>\n<meta name=\"twitter:label1\" content=\"Tiempo de lectura\" \/>\n\t<meta name=\"twitter:data1\" content=\"1 minuto\" \/>\n<script type=\"application\/ld+json\" class=\"yoast-schema-graph\">{\"@context\":\"https:\/\/schema.org\",\"@graph\":[{\"@type\":\"WebPage\",\"@id\":\"https:\/\/sk-export.com\/contact\/\",\"url\":\"https:\/\/sk-export.com\/contact\/\",\"name\":\"Contact & Wholesale Quote | SK Export\",\"isPartOf\":{\"@id\":\"https:\/\/sk-export.com\/#website\"},\"datePublished\":\"2021-10-15T23:12:09+00:00\",\"dateModified\":\"2026-03-10T19:51:08+00:00\",\"description\":\"Contact SK Export for wholesale pricing on European used clothing, stocklots & shoes. Fast quotes for B2B buyers in Africa, Latin America & beyond.\",\"breadcrumb\":{\"@id\":\"https:\/\/sk-export.com\/contact\/#breadcrumb\"},\"inLanguage\":\"es\",\"potentialAction\":[{\"@type\":\"ReadAction\",\"target\":[\"https:\/\/sk-export.com\/contact\/\"]}]},{\"@type\":\"BreadcrumbList\",\"@id\":\"https:\/\/sk-export.com\/contact\/#breadcrumb\",\"itemListElement\":[{\"@type\":\"ListItem\",\"position\":1,\"name\":\"Home\",\"item\":\"https:\/\/sk-export.com\/\"},{\"@type\":\"ListItem\",\"position\":2,\"name\":\"Contact\"}]},{\"@type\":\"WebSite\",\"@id\":\"https:\/\/sk-export.com\/#website\",\"url\":\"https:\/\/sk-export.com\/\",\"name\":\"SK Export | Secondhand &amp; New Clothes Supplier in the UAE\",\"description\":\"Second-hand &amp; New Clothes Supplier in the UAE\",\"publisher\":{\"@id\":\"https:\/\/sk-export.com\/#organization\"},\"alternateName\":\"SK\",\"potentialAction\":[{\"@type\":\"SearchAction\",\"target\":{\"@type\":\"EntryPoint\",\"urlTemplate\":\"https:\/\/sk-export.com\/?s={search_term_string}\"},\"query-input\":{\"@type\":\"PropertyValueSpecification\",\"valueRequired\":true,\"valueName\":\"search_term_string\"}}],\"inLanguage\":\"es\"},{\"@type\":\"Organization\",\"@id\":\"https:\/\/sk-export.com\/#organization\",\"name\":\"SK Export | Secondhand & New Clothes Supplier in the UAE\",\"alternateName\":\"SK\",\"url\":\"https:\/\/sk-export.com\/\",\"logo\":{\"@type\":\"ImageObject\",\"inLanguage\":\"es\",\"@id\":\"https:\/\/sk-export.com\/#\/schema\/logo\/image\/\",\"url\":\"https:\/\/sk-export.com\/wp-content\/uploads\/2021\/11\/cropped-Group-246das3-1.png\",\"contentUrl\":\"https:\/\/sk-export.com\/wp-content\/uploads\/2021\/11\/cropped-Group-246das3-1.png\",\"width\":250,\"height\":250,\"caption\":\"SK Export | Secondhand & New Clothes Supplier in the UAE\"},\"image\":{\"@id\":\"https:\/\/sk-export.com\/#\/schema\/logo\/image\/\"},\"sameAs\":[\"https:\/\/www.facebook.com\/SKExportFZC\",\"https:\/\/www.instagram.com\/SKExportFZC\/\",\"http:\/\/tiktok.com\/@skexportfzc\"],\"description\":\"Sorting, Grading & Packing of Used Clothing, Shoes, Garments & Related Accessories\",\"email\":\"sales@sk-export.com\",\"telephone\":\"+97165388904\",\"legalName\":\"SK Export FZC\",\"foundingDate\":\"2020-11-05\",\"taxID\":\"100515639100003\",\"numberOfEmployees\":{\"@type\":\"QuantitativeValue\",\"minValue\":\"51\",\"maxValue\":\"200\"}}]}<\/script>\n<!-- \/ Yoast SEO Premium plugin. -->","yoast_head_json":{"title":"Contacto y presupuesto al por mayor | SK Export","description":"P\u00f3ngase en contacto con SK Export para obtener precios al por mayor de ropa usada, lotes y calzado europeos. Cotizaciones r\u00e1pidas para compradores B2B en \u00c1frica, Am\u00e9rica Latina y m\u00e1s all\u00e1.","robots":{"index":"index","follow":"follow","max-snippet":"max-snippet:-1","max-image-preview":"max-image-preview:large","max-video-preview":"max-video-preview:-1"},"canonical":"https:\/\/sk-export.com\/es\/contact\/","og_locale":"es_ES","og_type":"article","og_title":"Contact","og_description":"SK Export is a specialized company in the import and export of European sorted used clothing, new clothing stock lot & Shoes in the UAE.","og_url":"https:\/\/sk-export.com\/es\/contact\/","og_site_name":"SK Export | Secondhand &amp; New Clothes Supplier in the UAE","article_publisher":"https:\/\/www.facebook.com\/SKExportFZC","article_modified_time":"2026-03-10T19:51:08+00:00","og_image":[{"width":485,"height":485,"url":"https:\/\/sk-export.com\/wp-content\/uploads\/2021\/11\/Group-246das3.png","type":"image\/png"}],"twitter_card":"summary_large_image","twitter_misc":{"Tiempo de lectura":"1 minuto"},"schema":{"@context":"https:\/\/schema.org","@graph":[{"@type":"WebPage","@id":"https:\/\/sk-export.com\/contact\/","url":"https:\/\/sk-export.com\/contact\/","name":"Contacto y presupuesto al por mayor | SK Export","isPartOf":{"@id":"https:\/\/sk-export.com\/#website"},"datePublished":"2021-10-15T23:12:09+00:00","dateModified":"2026-03-10T19:51:08+00:00","description":"P\u00f3ngase en contacto con SK Export para obtener precios al por mayor de ropa usada, lotes y calzado europeos. Cotizaciones r\u00e1pidas para compradores B2B en \u00c1frica, Am\u00e9rica Latina y m\u00e1s all\u00e1.","breadcrumb":{"@id":"https:\/\/sk-export.com\/contact\/#breadcrumb"},"inLanguage":"es","potentialAction":[{"@type":"ReadAction","target":["https:\/\/sk-export.com\/contact\/"]}]},{"@type":"BreadcrumbList","@id":"https:\/\/sk-export.com\/contact\/#breadcrumb","itemListElement":[{"@type":"ListItem","position":1,"name":"Home","item":"https:\/\/sk-export.com\/"},{"@type":"ListItem","position":2,"name":"Contact"}]},{"@type":"WebSite","@id":"https:\/\/sk-export.com\/#website","url":"https:\/\/sk-export.com\/","name":"SK Export | Proveedor de ropa nueva y de segunda mano en los EAU","description":"Proveedor de ropa nueva y de segunda mano en los EAU","publisher":{"@id":"https:\/\/sk-export.com\/#organization"},"alternateName":"SK","potentialAction":[{"@type":"SearchAction","target":{"@type":"EntryPoint","urlTemplate":"https:\/\/sk-export.com\/?s={search_term_string}"},"query-input":{"@type":"PropertyValueSpecification","valueRequired":true,"valueName":"search_term_string"}}],"inLanguage":"es"},{"@type":"Organization","@id":"https:\/\/sk-export.com\/#organization","name":"SK Export | Ropa Usada y Nueva EAU","alternateName":"SK","url":"https:\/\/sk-export.com\/","logo":{"@type":"ImageObject","inLanguage":"es","@id":"https:\/\/sk-export.com\/#\/schema\/logo\/image\/","url":"https:\/\/sk-export.com\/wp-content\/uploads\/2021\/11\/cropped-Group-246das3-1.png","contentUrl":"https:\/\/sk-export.com\/wp-content\/uploads\/2021\/11\/cropped-Group-246das3-1.png","width":250,"height":250,"caption":"SK Export | Secondhand & New Clothes Supplier in the UAE"},"image":{"@id":"https:\/\/sk-export.com\/#\/schema\/logo\/image\/"},"sameAs":["https:\/\/www.facebook.com\/SKExportFZC","https:\/\/www.instagram.com\/SKExportFZC\/","http:\/\/tiktok.com\/@skexportfzc"],"description":"Clasificaci\u00f3n y embalaje de ropa, calzado, prendas de vestir y accesorios usados","email":"sales@sk-export.com","telephone":"+97165388904","legalName":"SK Export FZC","foundingDate":"2020-11-05","taxID":"100515639100003","numberOfEmployees":{"@type":"QuantitativeValue","minValue":"51","maxValue":"200"}}]}},"_links":{"self":[{"href":"https:\/\/sk-export.com\/es\/wp-json\/wp\/v2\/pages\/16","targetHints":{"allow":["GET"]}}],"collection":[{"href":"https:\/\/sk-export.com\/es\/wp-json\/wp\/v2\/pages"}],"about":[{"href":"https:\/\/sk-export.com\/es\/wp-json\/wp\/v2\/types\/page"}],"author":[{"embeddable":true,"href":"https:\/\/sk-export.com\/es\/wp-json\/wp\/v2\/users\/1"}],"replies":[{"embeddable":true,"href":"https:\/\/sk-export.com\/es\/wp-json\/wp\/v2\/comments?post=16"}],"version-history":[{"count":1,"href":"https:\/\/sk-export.com\/es\/wp-json\/wp\/v2\/pages\/16\/revisions"}],"predecessor-version":[{"id":791,"href":"https:\/\/sk-export.com\/es\/wp-json\/wp\/v2\/pages\/16\/revisions\/791"}],"wp:attachment":[{"href":"https:\/\/sk-export.com\/es\/wp-json\/wp\/v2\/media?parent=16"}],"curies":[{"name":"wp","href":"https:\/\/api.w.org\/{rel}","templated":true}]}}