{"id":451,"date":"2021-10-11T22:33:52","date_gmt":"2021-10-11T22:33:52","guid":{"rendered":"https:\/\/45.76.32.207\/?page_id=5"},"modified":"2026-03-10T19:51:03","modified_gmt":"2026-03-10T19:51:03","slug":"clothing","status":"publish","type":"page","link":"https:\/\/sk-export.com\/fr\/","title":{"rendered":"Experts en v\u00eatements neufs et d'occasion"},"content":{"rendered":"","protected":false},"excerpt":{"rendered":"","protected":false},"author":1,"featured_media":0,"parent":0,"menu_order":0,"comment_status":"closed","ping_status":"closed","template":"templates\/home.php","meta":{"_acf_changed":false,"footnotes":""},"class_list":["post-451","page","type-page","status-publish","hentry"],"acf":[],"yoast_head":"<!-- This site is optimized with the Yoast SEO Premium plugin v26.0 (Yoast SEO v26.0) - https:\/\/yoast.com\/wordpress\/plugins\/seo\/ -->\n<title>European Used Clothing &amp; Stocklots | SK Export<\/title>\n<meta name=\"description\" content=\"SK Export supplies premium European used clothing, stocklots &amp; shoes to B2B buyers worldwide. UAE-based. Get an instant wholesale quote today.\" \/>\n<meta name=\"robots\" content=\"index, follow, max-snippet:-1, max-image-preview:large, max-video-preview:-1\" \/>\n<link rel=\"canonical\" href=\"https:\/\/sk-export.com\/fr\/\" \/>\n<meta property=\"og:locale\" content=\"fr_FR\" \/>\n<meta property=\"og:type\" content=\"article\" \/>\n<meta property=\"og:title\" content=\"Second-hand &amp; New Clothes Supplier in the UAE\" \/>\n<meta property=\"og:description\" content=\"SK Export is a specialized company in the import and export of European sorted used clothing, new clothing stock lot &amp; Shoes in the UAE.\" \/>\n<meta property=\"og:url\" content=\"https:\/\/sk-export.com\/fr\/\" \/>\n<meta property=\"og:site_name\" content=\"SK Export | Secondhand &amp; New Clothes Supplier in the UAE\" \/>\n<meta property=\"article:publisher\" content=\"https:\/\/www.facebook.com\/SKExportFZC\" \/>\n<meta property=\"article:modified_time\" content=\"2026-03-10T19:51:03+00:00\" \/>\n<meta property=\"og:image\" content=\"https:\/\/sk-export.com\/wp-content\/uploads\/2025\/03\/sk-1024x1024.png\" \/>\n\t<meta property=\"og:image:width\" content=\"1024\" \/>\n\t<meta property=\"og:image:height\" content=\"1024\" \/>\n\t<meta property=\"og:image:type\" content=\"image\/png\" \/>\n<meta name=\"twitter:card\" content=\"summary_large_image\" \/>\n<meta name=\"twitter:title\" content=\"Second-hand &amp; New Clothes Supplier in the UAE\" \/>\n<script type=\"application\/ld+json\" class=\"yoast-schema-graph\">{\"@context\":\"https:\/\/schema.org\",\"@graph\":[{\"@type\":\"WebPage\",\"@id\":\"https:\/\/sk-export.com\/\",\"url\":\"https:\/\/sk-export.com\/\",\"name\":\"European Used Clothing & Stocklots | SK Export\",\"isPartOf\":{\"@id\":\"https:\/\/sk-export.com\/#website\"},\"datePublished\":\"2021-10-11T22:33:52+00:00\",\"dateModified\":\"2026-03-10T19:51:03+00:00\",\"description\":\"SK Export supplies premium European used clothing, stocklots & shoes to B2B buyers worldwide. UAE-based. Get an instant wholesale quote today.\",\"breadcrumb\":{\"@id\":\"https:\/\/sk-export.com\/#breadcrumb\"},\"inLanguage\":\"fr-FR\",\"potentialAction\":[{\"@type\":\"ReadAction\",\"target\":[\"https:\/\/sk-export.com\/\"]}]},{\"@type\":\"BreadcrumbList\",\"@id\":\"https:\/\/sk-export.com\/#breadcrumb\",\"itemListElement\":[{\"@type\":\"ListItem\",\"position\":1,\"name\":\"Home\",\"item\":\"https:\/\/sk-export.com\/\"},{\"@type\":\"ListItem\",\"position\":2,\"name\":\"Second Hand &#038; New Clothing Experts\"}]},{\"@type\":\"WebSite\",\"@id\":\"https:\/\/sk-export.com\/#website\",\"url\":\"https:\/\/sk-export.com\/\",\"name\":\"SK Export | Secondhand &amp; New Clothes Supplier in the UAE\",\"description\":\"Second-hand &amp; New Clothes Supplier in the UAE\",\"publisher\":{\"@id\":\"https:\/\/sk-export.com\/#organization\"},\"alternateName\":\"SK\",\"potentialAction\":[{\"@type\":\"SearchAction\",\"target\":{\"@type\":\"EntryPoint\",\"urlTemplate\":\"https:\/\/sk-export.com\/?s={search_term_string}\"},\"query-input\":{\"@type\":\"PropertyValueSpecification\",\"valueRequired\":true,\"valueName\":\"search_term_string\"}}],\"inLanguage\":\"fr-FR\"},{\"@type\":\"Organization\",\"@id\":\"https:\/\/sk-export.com\/#organization\",\"name\":\"SK Export | Secondhand & New Clothes Supplier in the UAE\",\"alternateName\":\"SK\",\"url\":\"https:\/\/sk-export.com\/\",\"logo\":{\"@type\":\"ImageObject\",\"inLanguage\":\"fr-FR\",\"@id\":\"https:\/\/sk-export.com\/#\/schema\/logo\/image\/\",\"url\":\"https:\/\/sk-export.com\/wp-content\/uploads\/2021\/11\/cropped-Group-246das3-1.png\",\"contentUrl\":\"https:\/\/sk-export.com\/wp-content\/uploads\/2021\/11\/cropped-Group-246das3-1.png\",\"width\":250,\"height\":250,\"caption\":\"SK Export | Secondhand & New Clothes Supplier in the UAE\"},\"image\":{\"@id\":\"https:\/\/sk-export.com\/#\/schema\/logo\/image\/\"},\"sameAs\":[\"https:\/\/www.facebook.com\/SKExportFZC\",\"https:\/\/www.instagram.com\/SKExportFZC\/\",\"http:\/\/tiktok.com\/@skexportfzc\"],\"description\":\"Sorting, Grading & Packing of Used Clothing, Shoes, Garments & Related Accessories\",\"email\":\"sales@sk-export.com\",\"telephone\":\"+97165388904\",\"legalName\":\"SK Export FZC\",\"foundingDate\":\"2020-11-05\",\"taxID\":\"100515639100003\",\"numberOfEmployees\":{\"@type\":\"QuantitativeValue\",\"minValue\":\"51\",\"maxValue\":\"200\"}}]}<\/script>\n<!-- \/ Yoast SEO Premium plugin. -->","yoast_head_json":{"title":"V\u00eatements d'occasion europ\u00e9ens et lots de marchandises | SK Export","description":"SK Export fournit des v\u00eatements, des stocks et des chaussures d'occasion europ\u00e9ens de premi\u00e8re qualit\u00e9 \u00e0 des acheteurs B2B dans le monde entier. Bas\u00e9 aux \u00c9mirats arabes unis. Obtenez un devis de vente en gros d\u00e8s aujourd'hui.","robots":{"index":"index","follow":"follow","max-snippet":"max-snippet:-1","max-image-preview":"max-image-preview:large","max-video-preview":"max-video-preview:-1"},"canonical":"https:\/\/sk-export.com\/fr\/","og_locale":"fr_FR","og_type":"article","og_title":"Second-hand & New Clothes Supplier in the UAE","og_description":"SK Export is a specialized company in the import and export of European sorted used clothing, new clothing stock lot & Shoes in the UAE.","og_url":"https:\/\/sk-export.com\/fr\/","og_site_name":"SK Export | Secondhand &amp; New Clothes Supplier in the UAE","article_publisher":"https:\/\/www.facebook.com\/SKExportFZC","article_modified_time":"2026-03-10T19:51:03+00:00","og_image":[{"width":1024,"height":1024,"url":"https:\/\/sk-export.com\/wp-content\/uploads\/2025\/03\/sk-1024x1024.png","type":"image\/png"}],"twitter_card":"summary_large_image","twitter_title":"Second-hand & New Clothes Supplier in the UAE","schema":{"@context":"https:\/\/schema.org","@graph":[{"@type":"WebPage","@id":"https:\/\/sk-export.com\/","url":"https:\/\/sk-export.com\/","name":"V\u00eatements d'occasion europ\u00e9ens et lots de marchandises | SK Export","isPartOf":{"@id":"https:\/\/sk-export.com\/#website"},"datePublished":"2021-10-11T22:33:52+00:00","dateModified":"2026-03-10T19:51:03+00:00","description":"SK Export fournit des v\u00eatements, des stocks et des chaussures d'occasion europ\u00e9ens de premi\u00e8re qualit\u00e9 \u00e0 des acheteurs B2B dans le monde entier. Bas\u00e9 aux \u00c9mirats arabes unis. Obtenez un devis de vente en gros d\u00e8s aujourd'hui.","breadcrumb":{"@id":"https:\/\/sk-export.com\/#breadcrumb"},"inLanguage":"fr-FR","potentialAction":[{"@type":"ReadAction","target":["https:\/\/sk-export.com\/"]}]},{"@type":"BreadcrumbList","@id":"https:\/\/sk-export.com\/#breadcrumb","itemListElement":[{"@type":"ListItem","position":1,"name":"Home","item":"https:\/\/sk-export.com\/"},{"@type":"ListItem","position":2,"name":"Second Hand &#038; New Clothing Experts"}]},{"@type":"WebSite","@id":"https:\/\/sk-export.com\/#website","url":"https:\/\/sk-export.com\/","name":"SK Export - Fournisseur de v\u00eatements neufs et d'occasion aux \u00c9mirats arabes unis","description":"Fournisseur de v\u00eatements neufs et d'occasion aux \u00c9mirats arabes unis","publisher":{"@id":"https:\/\/sk-export.com\/#organization"},"alternateName":"SK","potentialAction":[{"@type":"SearchAction","target":{"@type":"EntryPoint","urlTemplate":"https:\/\/sk-export.com\/?s={search_term_string}"},"query-input":{"@type":"PropertyValueSpecification","valueRequired":true,"valueName":"search_term_string"}}],"inLanguage":"fr-FR"},{"@type":"Organization","@id":"https:\/\/sk-export.com\/#organization","name":"SK Export | V\u00eatements Neufs &amp; d\u2019Occasion EAU","alternateName":"SK","url":"https:\/\/sk-export.com\/","logo":{"@type":"ImageObject","inLanguage":"fr-FR","@id":"https:\/\/sk-export.com\/#\/schema\/logo\/image\/","url":"https:\/\/sk-export.com\/wp-content\/uploads\/2021\/11\/cropped-Group-246das3-1.png","contentUrl":"https:\/\/sk-export.com\/wp-content\/uploads\/2021\/11\/cropped-Group-246das3-1.png","width":250,"height":250,"caption":"SK Export | Secondhand & New Clothes Supplier in the UAE"},"image":{"@id":"https:\/\/sk-export.com\/#\/schema\/logo\/image\/"},"sameAs":["https:\/\/www.facebook.com\/SKExportFZC","https:\/\/www.instagram.com\/SKExportFZC\/","http:\/\/tiktok.com\/@skexportfzc"],"description":"Tri, classement et conditionnement de v\u00eatements, chaussures, v\u00eatements et accessoires usag\u00e9s","email":"sales@sk-export.com","telephone":"+97165388904","legalName":"SK Export FZC","foundingDate":"2020-11-05","taxID":"100515639100003","numberOfEmployees":{"@type":"QuantitativeValue","minValue":"51","maxValue":"200"}}]}},"_links":{"self":[{"href":"https:\/\/sk-export.com\/fr\/wp-json\/wp\/v2\/pages\/451","targetHints":{"allow":["GET"]}}],"collection":[{"href":"https:\/\/sk-export.com\/fr\/wp-json\/wp\/v2\/pages"}],"about":[{"href":"https:\/\/sk-export.com\/fr\/wp-json\/wp\/v2\/types\/page"}],"author":[{"embeddable":true,"href":"https:\/\/sk-export.com\/fr\/wp-json\/wp\/v2\/users\/1"}],"replies":[{"embeddable":true,"href":"https:\/\/sk-export.com\/fr\/wp-json\/wp\/v2\/comments?post=451"}],"version-history":[{"count":67,"href":"https:\/\/sk-export.com\/fr\/wp-json\/wp\/v2\/pages\/451\/revisions"}],"predecessor-version":[{"id":873,"href":"https:\/\/sk-export.com\/fr\/wp-json\/wp\/v2\/pages\/451\/revisions\/873"}],"wp:attachment":[{"href":"https:\/\/sk-export.com\/fr\/wp-json\/wp\/v2\/media?parent=451"}],"curies":[{"name":"wp","href":"https:\/\/api.w.org\/{rel}","templated":true}]}}