{"id":573,"date":"2023-06-03T16:54:56","date_gmt":"2023-06-03T15:54:56","guid":{"rendered":"https:\/\/45.76.32.207\/?page_id=573"},"modified":"2026-03-10T19:51:15","modified_gmt":"2026-03-10T19:51:15","slug":"blog","status":"publish","type":"page","link":"https:\/\/sk-export.com\/fr\/blog\/","title":{"rendered":"Blog"},"content":{"rendered":"","protected":false},"excerpt":{"rendered":"","protected":false},"author":1,"featured_media":0,"parent":0,"menu_order":0,"comment_status":"closed","ping_status":"closed","template":"blog-landing.php","meta":{"_acf_changed":false,"footnotes":""},"class_list":["post-573","page","type-page","status-publish","hentry"],"acf":[],"yoast_head":"<!-- This site is optimized with the Yoast SEO Premium plugin v26.0 (Yoast SEO v26.0) - https:\/\/yoast.com\/wordpress\/plugins\/seo\/ -->\n<title>Used Clothing Wholesale Blog | SK Export<\/title>\n<meta name=\"description\" content=\"Read SK Export blog for insights on used clothing wholesale, stocklots, grading, export trends and global textile recycling. Updated regularly.\" \/>\n<meta name=\"robots\" content=\"index, follow, max-snippet:-1, max-image-preview:large, max-video-preview:-1\" \/>\n<link rel=\"canonical\" href=\"https:\/\/sk-export.com\/fr\/blog\/\" \/>\n<meta property=\"og:locale\" content=\"fr_FR\" \/>\n<meta property=\"og:type\" content=\"article\" \/>\n<meta property=\"og:title\" content=\"Blog\" \/>\n<meta property=\"og:description\" content=\"SK Export is a specialized company in the import and export of European sorted used clothing, new clothing stock lot &amp; Shoes in the UAE.\" \/>\n<meta property=\"og:url\" content=\"https:\/\/sk-export.com\/fr\/blog\/\" \/>\n<meta property=\"og:site_name\" content=\"SK Export | Secondhand &amp; New Clothes Supplier in the UAE\" \/>\n<meta property=\"article:publisher\" content=\"https:\/\/www.facebook.com\/SKExportFZC\" \/>\n<meta property=\"article:modified_time\" content=\"2026-03-10T19:51:15+00:00\" \/>\n<meta property=\"og:image\" content=\"https:\/\/sk-export.com\/wp-content\/uploads\/2021\/11\/Group-246das3.png\" \/>\n\t<meta property=\"og:image:width\" content=\"485\" \/>\n\t<meta property=\"og:image:height\" content=\"485\" \/>\n\t<meta property=\"og:image:type\" content=\"image\/png\" \/>\n<meta name=\"twitter:card\" content=\"summary_large_image\" \/>\n<script type=\"application\/ld+json\" class=\"yoast-schema-graph\">{\"@context\":\"https:\/\/schema.org\",\"@graph\":[{\"@type\":\"WebPage\",\"@id\":\"https:\/\/sk-export.com\/blog\/\",\"url\":\"https:\/\/sk-export.com\/blog\/\",\"name\":\"Used Clothing Wholesale Blog | SK Export\",\"isPartOf\":{\"@id\":\"https:\/\/sk-export.com\/#website\"},\"datePublished\":\"2023-06-03T15:54:56+00:00\",\"dateModified\":\"2026-03-10T19:51:15+00:00\",\"description\":\"Read SK Export blog for insights on used clothing wholesale, stocklots, grading, export trends and global textile recycling. Updated regularly.\",\"breadcrumb\":{\"@id\":\"https:\/\/sk-export.com\/blog\/#breadcrumb\"},\"inLanguage\":\"fr-FR\",\"potentialAction\":[{\"@type\":\"ReadAction\",\"target\":[\"https:\/\/sk-export.com\/blog\/\"]}]},{\"@type\":\"BreadcrumbList\",\"@id\":\"https:\/\/sk-export.com\/blog\/#breadcrumb\",\"itemListElement\":[{\"@type\":\"ListItem\",\"position\":1,\"name\":\"Home\",\"item\":\"https:\/\/sk-export.com\/\"},{\"@type\":\"ListItem\",\"position\":2,\"name\":\"Blog\"}]},{\"@type\":\"WebSite\",\"@id\":\"https:\/\/sk-export.com\/#website\",\"url\":\"https:\/\/sk-export.com\/\",\"name\":\"SK Export | Secondhand &amp; New Clothes Supplier in the UAE\",\"description\":\"Second-hand &amp; New Clothes Supplier in the UAE\",\"publisher\":{\"@id\":\"https:\/\/sk-export.com\/#organization\"},\"alternateName\":\"SK\",\"potentialAction\":[{\"@type\":\"SearchAction\",\"target\":{\"@type\":\"EntryPoint\",\"urlTemplate\":\"https:\/\/sk-export.com\/?s={search_term_string}\"},\"query-input\":{\"@type\":\"PropertyValueSpecification\",\"valueRequired\":true,\"valueName\":\"search_term_string\"}}],\"inLanguage\":\"fr-FR\"},{\"@type\":\"Organization\",\"@id\":\"https:\/\/sk-export.com\/#organization\",\"name\":\"SK Export | Secondhand & New Clothes Supplier in the UAE\",\"alternateName\":\"SK\",\"url\":\"https:\/\/sk-export.com\/\",\"logo\":{\"@type\":\"ImageObject\",\"inLanguage\":\"fr-FR\",\"@id\":\"https:\/\/sk-export.com\/#\/schema\/logo\/image\/\",\"url\":\"https:\/\/sk-export.com\/wp-content\/uploads\/2021\/11\/cropped-Group-246das3-1.png\",\"contentUrl\":\"https:\/\/sk-export.com\/wp-content\/uploads\/2021\/11\/cropped-Group-246das3-1.png\",\"width\":250,\"height\":250,\"caption\":\"SK Export | Secondhand & New Clothes Supplier in the UAE\"},\"image\":{\"@id\":\"https:\/\/sk-export.com\/#\/schema\/logo\/image\/\"},\"sameAs\":[\"https:\/\/www.facebook.com\/SKExportFZC\",\"https:\/\/www.instagram.com\/SKExportFZC\/\",\"http:\/\/tiktok.com\/@skexportfzc\"],\"description\":\"Sorting, Grading & Packing of Used Clothing, Shoes, Garments & Related Accessories\",\"email\":\"sales@sk-export.com\",\"telephone\":\"+97165388904\",\"legalName\":\"SK Export FZC\",\"foundingDate\":\"2020-11-05\",\"taxID\":\"100515639100003\",\"numberOfEmployees\":{\"@type\":\"QuantitativeValue\",\"minValue\":\"51\",\"maxValue\":\"200\"}}]}<\/script>\n<!-- \/ Yoast SEO Premium plugin. -->","yoast_head_json":{"title":"Blog sur la vente en gros de v\u00eatements d'occasion | SK Export","description":"Lisez le blog de SK Export pour obtenir des informations sur la vente en gros de v\u00eatements usag\u00e9s, les stocks, le classement, les tendances en mati\u00e8re d'exportation et le recyclage des textiles au niveau mondial. Mis \u00e0 jour r\u00e9guli\u00e8rement.","robots":{"index":"index","follow":"follow","max-snippet":"max-snippet:-1","max-image-preview":"max-image-preview:large","max-video-preview":"max-video-preview:-1"},"canonical":"https:\/\/sk-export.com\/fr\/blog\/","og_locale":"fr_FR","og_type":"article","og_title":"Blog","og_description":"SK Export is a specialized company in the import and export of European sorted used clothing, new clothing stock lot & Shoes in the UAE.","og_url":"https:\/\/sk-export.com\/fr\/blog\/","og_site_name":"SK Export | Secondhand &amp; New Clothes Supplier in the UAE","article_publisher":"https:\/\/www.facebook.com\/SKExportFZC","article_modified_time":"2026-03-10T19:51:15+00:00","og_image":[{"width":485,"height":485,"url":"https:\/\/sk-export.com\/wp-content\/uploads\/2021\/11\/Group-246das3.png","type":"image\/png"}],"twitter_card":"summary_large_image","schema":{"@context":"https:\/\/schema.org","@graph":[{"@type":"WebPage","@id":"https:\/\/sk-export.com\/blog\/","url":"https:\/\/sk-export.com\/blog\/","name":"Blog sur la vente en gros de v\u00eatements d'occasion | SK Export","isPartOf":{"@id":"https:\/\/sk-export.com\/#website"},"datePublished":"2023-06-03T15:54:56+00:00","dateModified":"2026-03-10T19:51:15+00:00","description":"Lisez le blog de SK Export pour obtenir des informations sur la vente en gros de v\u00eatements usag\u00e9s, les stocks, le classement, les tendances en mati\u00e8re d'exportation et le recyclage des textiles au niveau mondial. Mis \u00e0 jour r\u00e9guli\u00e8rement.","breadcrumb":{"@id":"https:\/\/sk-export.com\/blog\/#breadcrumb"},"inLanguage":"fr-FR","potentialAction":[{"@type":"ReadAction","target":["https:\/\/sk-export.com\/blog\/"]}]},{"@type":"BreadcrumbList","@id":"https:\/\/sk-export.com\/blog\/#breadcrumb","itemListElement":[{"@type":"ListItem","position":1,"name":"Home","item":"https:\/\/sk-export.com\/"},{"@type":"ListItem","position":2,"name":"Blog"}]},{"@type":"WebSite","@id":"https:\/\/sk-export.com\/#website","url":"https:\/\/sk-export.com\/","name":"SK Export - Fournisseur de v\u00eatements neufs et d'occasion aux \u00c9mirats arabes unis","description":"Fournisseur de v\u00eatements neufs et d'occasion aux \u00c9mirats arabes unis","publisher":{"@id":"https:\/\/sk-export.com\/#organization"},"alternateName":"SK","potentialAction":[{"@type":"SearchAction","target":{"@type":"EntryPoint","urlTemplate":"https:\/\/sk-export.com\/?s={search_term_string}"},"query-input":{"@type":"PropertyValueSpecification","valueRequired":true,"valueName":"search_term_string"}}],"inLanguage":"fr-FR"},{"@type":"Organization","@id":"https:\/\/sk-export.com\/#organization","name":"SK Export | V\u00eatements Neufs &amp; d\u2019Occasion EAU","alternateName":"SK","url":"https:\/\/sk-export.com\/","logo":{"@type":"ImageObject","inLanguage":"fr-FR","@id":"https:\/\/sk-export.com\/#\/schema\/logo\/image\/","url":"https:\/\/sk-export.com\/wp-content\/uploads\/2021\/11\/cropped-Group-246das3-1.png","contentUrl":"https:\/\/sk-export.com\/wp-content\/uploads\/2021\/11\/cropped-Group-246das3-1.png","width":250,"height":250,"caption":"SK Export | Secondhand & New Clothes Supplier in the UAE"},"image":{"@id":"https:\/\/sk-export.com\/#\/schema\/logo\/image\/"},"sameAs":["https:\/\/www.facebook.com\/SKExportFZC","https:\/\/www.instagram.com\/SKExportFZC\/","http:\/\/tiktok.com\/@skexportfzc"],"description":"Tri, classement et conditionnement de v\u00eatements, chaussures, v\u00eatements et accessoires usag\u00e9s","email":"sales@sk-export.com","telephone":"+97165388904","legalName":"SK Export FZC","foundingDate":"2020-11-05","taxID":"100515639100003","numberOfEmployees":{"@type":"QuantitativeValue","minValue":"51","maxValue":"200"}}]}},"_links":{"self":[{"href":"https:\/\/sk-export.com\/fr\/wp-json\/wp\/v2\/pages\/573","targetHints":{"allow":["GET"]}}],"collection":[{"href":"https:\/\/sk-export.com\/fr\/wp-json\/wp\/v2\/pages"}],"about":[{"href":"https:\/\/sk-export.com\/fr\/wp-json\/wp\/v2\/types\/page"}],"author":[{"embeddable":true,"href":"https:\/\/sk-export.com\/fr\/wp-json\/wp\/v2\/users\/1"}],"replies":[{"embeddable":true,"href":"https:\/\/sk-export.com\/fr\/wp-json\/wp\/v2\/comments?post=573"}],"version-history":[{"count":2,"href":"https:\/\/sk-export.com\/fr\/wp-json\/wp\/v2\/pages\/573\/revisions"}],"predecessor-version":[{"id":583,"href":"https:\/\/sk-export.com\/fr\/wp-json\/wp\/v2\/pages\/573\/revisions\/583"}],"wp:attachment":[{"href":"https:\/\/sk-export.com\/fr\/wp-json\/wp\/v2\/media?parent=573"}],"curies":[{"name":"wp","href":"https:\/\/api.w.org\/{rel}","templated":true}]}}