{"id":860,"date":"2025-11-19T22:25:43","date_gmt":"2025-11-19T22:25:43","guid":{"rendered":"https:\/\/sk-export.com\/?page_id=860"},"modified":"2026-03-10T19:51:05","modified_gmt":"2026-03-10T19:51:05","slug":"vetements-doccasion-en-gros","status":"publish","type":"page","link":"https:\/\/sk-export.com\/fr\/vetements-doccasion-en-gros\/","title":{"rendered":"V\u00eatements d'occasion en gros"},"content":{"rendered":"","protected":false},"excerpt":{"rendered":"","protected":false},"author":1,"featured_media":0,"parent":0,"menu_order":0,"comment_status":"closed","ping_status":"closed","template":"templates\/about.php","meta":{"_acf_changed":false,"footnotes":""},"class_list":["post-860","page","type-page","status-publish","hentry"],"acf":[],"yoast_head":"<!-- This site is optimized with the Yoast SEO Premium plugin v26.0 (Yoast SEO v26.0) - https:\/\/yoast.com\/wordpress\/plugins\/seo\/ -->\n<title>Second Hand Clothes Wholesale | SK Export<\/title>\n<meta name=\"description\" content=\"Buy premium European second hand clothes wholesale. SK Export supplies sorted, graded used clothing in bales to global B2B buyers. Fast worldwide shipping.\" \/>\n<meta name=\"robots\" content=\"index, follow, max-snippet:-1, max-image-preview:large, max-video-preview:-1\" \/>\n<link rel=\"canonical\" href=\"https:\/\/sk-export.com\/fr\/vetements-doccasion-en-gros\/\" \/>\n<meta property=\"og:locale\" content=\"fr_FR\" \/>\n<meta property=\"og:type\" content=\"article\" \/>\n<meta property=\"og:title\" content=\"Second Hand Clothes Wholesale\" \/>\n<meta property=\"og:description\" content=\"SK Export is a specialized company in the import and export of European sorted used clothing, new clothing stock lot &amp; Shoes in the UAE.\" \/>\n<meta property=\"og:url\" content=\"https:\/\/sk-export.com\/fr\/vetements-doccasion-en-gros\/\" \/>\n<meta property=\"og:site_name\" content=\"SK Export | Secondhand &amp; New Clothes Supplier in the UAE\" \/>\n<meta property=\"article:publisher\" content=\"https:\/\/www.facebook.com\/SKExportFZC\" \/>\n<meta property=\"article:modified_time\" content=\"2026-03-10T19:51:05+00:00\" \/>\n<meta property=\"og:image\" content=\"https:\/\/sk-export.com\/wp-content\/uploads\/2021\/11\/Group-246das3.png\" \/>\n\t<meta property=\"og:image:width\" content=\"485\" \/>\n\t<meta property=\"og:image:height\" content=\"485\" \/>\n\t<meta property=\"og:image:type\" content=\"image\/png\" \/>\n<meta name=\"twitter:card\" content=\"summary_large_image\" \/>\n<script type=\"application\/ld+json\" class=\"yoast-schema-graph\">{\"@context\":\"https:\/\/schema.org\",\"@graph\":[{\"@type\":\"WebPage\",\"@id\":\"https:\/\/sk-export.com\/second-hand-clothes-wholesale\/\",\"url\":\"https:\/\/sk-export.com\/second-hand-clothes-wholesale\/\",\"name\":\"Second Hand Clothes Wholesale | SK Export\",\"isPartOf\":{\"@id\":\"https:\/\/sk-export.com\/#website\"},\"datePublished\":\"2025-11-19T22:25:43+00:00\",\"dateModified\":\"2026-03-10T19:51:05+00:00\",\"description\":\"Buy premium European second hand clothes wholesale. SK Export supplies sorted, graded used clothing in bales to global B2B buyers. Fast worldwide shipping.\",\"breadcrumb\":{\"@id\":\"https:\/\/sk-export.com\/second-hand-clothes-wholesale\/#breadcrumb\"},\"inLanguage\":\"fr-FR\",\"potentialAction\":[{\"@type\":\"ReadAction\",\"target\":[\"https:\/\/sk-export.com\/second-hand-clothes-wholesale\/\"]}]},{\"@type\":\"BreadcrumbList\",\"@id\":\"https:\/\/sk-export.com\/second-hand-clothes-wholesale\/#breadcrumb\",\"itemListElement\":[{\"@type\":\"ListItem\",\"position\":1,\"name\":\"Home\",\"item\":\"https:\/\/sk-export.com\/\"},{\"@type\":\"ListItem\",\"position\":2,\"name\":\"Second Hand Clothes Wholesale\"}]},{\"@type\":\"WebSite\",\"@id\":\"https:\/\/sk-export.com\/#website\",\"url\":\"https:\/\/sk-export.com\/\",\"name\":\"SK Export | Secondhand &amp; New Clothes Supplier in the UAE\",\"description\":\"Second-hand &amp; New Clothes Supplier in the UAE\",\"publisher\":{\"@id\":\"https:\/\/sk-export.com\/#organization\"},\"alternateName\":\"SK\",\"potentialAction\":[{\"@type\":\"SearchAction\",\"target\":{\"@type\":\"EntryPoint\",\"urlTemplate\":\"https:\/\/sk-export.com\/?s={search_term_string}\"},\"query-input\":{\"@type\":\"PropertyValueSpecification\",\"valueRequired\":true,\"valueName\":\"search_term_string\"}}],\"inLanguage\":\"fr-FR\"},{\"@type\":\"Organization\",\"@id\":\"https:\/\/sk-export.com\/#organization\",\"name\":\"SK Export | Secondhand & New Clothes Supplier in the UAE\",\"alternateName\":\"SK\",\"url\":\"https:\/\/sk-export.com\/\",\"logo\":{\"@type\":\"ImageObject\",\"inLanguage\":\"fr-FR\",\"@id\":\"https:\/\/sk-export.com\/#\/schema\/logo\/image\/\",\"url\":\"https:\/\/sk-export.com\/wp-content\/uploads\/2021\/11\/cropped-Group-246das3-1.png\",\"contentUrl\":\"https:\/\/sk-export.com\/wp-content\/uploads\/2021\/11\/cropped-Group-246das3-1.png\",\"width\":250,\"height\":250,\"caption\":\"SK Export | Secondhand & New Clothes Supplier in the UAE\"},\"image\":{\"@id\":\"https:\/\/sk-export.com\/#\/schema\/logo\/image\/\"},\"sameAs\":[\"https:\/\/www.facebook.com\/SKExportFZC\",\"https:\/\/www.instagram.com\/SKExportFZC\/\",\"http:\/\/tiktok.com\/@skexportfzc\"],\"description\":\"Sorting, Grading & Packing of Used Clothing, Shoes, Garments & Related Accessories\",\"email\":\"sales@sk-export.com\",\"telephone\":\"+97165388904\",\"legalName\":\"SK Export FZC\",\"foundingDate\":\"2020-11-05\",\"taxID\":\"100515639100003\",\"numberOfEmployees\":{\"@type\":\"QuantitativeValue\",\"minValue\":\"51\",\"maxValue\":\"200\"}}]}<\/script>\n<!-- \/ Yoast SEO Premium plugin. -->","yoast_head_json":{"title":"V\u00eatements d'occasion Wholesale | SK Export","description":"Achetez en gros des v\u00eatements d'occasion europ\u00e9ens de premi\u00e8re qualit\u00e9. SK Export fournit des v\u00eatements d'occasion tri\u00e9s et class\u00e9s en balles aux acheteurs B2B du monde entier. Exp\u00e9dition rapide dans le monde entier.","robots":{"index":"index","follow":"follow","max-snippet":"max-snippet:-1","max-image-preview":"max-image-preview:large","max-video-preview":"max-video-preview:-1"},"canonical":"https:\/\/sk-export.com\/fr\/vetements-doccasion-en-gros\/","og_locale":"fr_FR","og_type":"article","og_title":"Second Hand Clothes Wholesale","og_description":"SK Export is a specialized company in the import and export of European sorted used clothing, new clothing stock lot & Shoes in the UAE.","og_url":"https:\/\/sk-export.com\/fr\/vetements-doccasion-en-gros\/","og_site_name":"SK Export | Secondhand &amp; New Clothes Supplier in the UAE","article_publisher":"https:\/\/www.facebook.com\/SKExportFZC","article_modified_time":"2026-03-10T19:51:05+00:00","og_image":[{"width":485,"height":485,"url":"https:\/\/sk-export.com\/wp-content\/uploads\/2021\/11\/Group-246das3.png","type":"image\/png"}],"twitter_card":"summary_large_image","schema":{"@context":"https:\/\/schema.org","@graph":[{"@type":"WebPage","@id":"https:\/\/sk-export.com\/second-hand-clothes-wholesale\/","url":"https:\/\/sk-export.com\/second-hand-clothes-wholesale\/","name":"V\u00eatements d'occasion Wholesale | SK Export","isPartOf":{"@id":"https:\/\/sk-export.com\/#website"},"datePublished":"2025-11-19T22:25:43+00:00","dateModified":"2026-03-10T19:51:05+00:00","description":"Achetez en gros des v\u00eatements d'occasion europ\u00e9ens de premi\u00e8re qualit\u00e9. SK Export fournit des v\u00eatements d'occasion tri\u00e9s et class\u00e9s en balles aux acheteurs B2B du monde entier. Exp\u00e9dition rapide dans le monde entier.","breadcrumb":{"@id":"https:\/\/sk-export.com\/second-hand-clothes-wholesale\/#breadcrumb"},"inLanguage":"fr-FR","potentialAction":[{"@type":"ReadAction","target":["https:\/\/sk-export.com\/second-hand-clothes-wholesale\/"]}]},{"@type":"BreadcrumbList","@id":"https:\/\/sk-export.com\/second-hand-clothes-wholesale\/#breadcrumb","itemListElement":[{"@type":"ListItem","position":1,"name":"Home","item":"https:\/\/sk-export.com\/"},{"@type":"ListItem","position":2,"name":"Second Hand Clothes Wholesale"}]},{"@type":"WebSite","@id":"https:\/\/sk-export.com\/#website","url":"https:\/\/sk-export.com\/","name":"SK Export - Fournisseur de v\u00eatements neufs et d'occasion aux \u00c9mirats arabes unis","description":"Fournisseur de v\u00eatements neufs et d'occasion aux \u00c9mirats arabes unis","publisher":{"@id":"https:\/\/sk-export.com\/#organization"},"alternateName":"SK","potentialAction":[{"@type":"SearchAction","target":{"@type":"EntryPoint","urlTemplate":"https:\/\/sk-export.com\/?s={search_term_string}"},"query-input":{"@type":"PropertyValueSpecification","valueRequired":true,"valueName":"search_term_string"}}],"inLanguage":"fr-FR"},{"@type":"Organization","@id":"https:\/\/sk-export.com\/#organization","name":"SK Export | V\u00eatements Neufs &amp; d\u2019Occasion EAU","alternateName":"SK","url":"https:\/\/sk-export.com\/","logo":{"@type":"ImageObject","inLanguage":"fr-FR","@id":"https:\/\/sk-export.com\/#\/schema\/logo\/image\/","url":"https:\/\/sk-export.com\/wp-content\/uploads\/2021\/11\/cropped-Group-246das3-1.png","contentUrl":"https:\/\/sk-export.com\/wp-content\/uploads\/2021\/11\/cropped-Group-246das3-1.png","width":250,"height":250,"caption":"SK Export | Secondhand & New Clothes Supplier in the UAE"},"image":{"@id":"https:\/\/sk-export.com\/#\/schema\/logo\/image\/"},"sameAs":["https:\/\/www.facebook.com\/SKExportFZC","https:\/\/www.instagram.com\/SKExportFZC\/","http:\/\/tiktok.com\/@skexportfzc"],"description":"Tri, classement et conditionnement de v\u00eatements, chaussures, v\u00eatements et accessoires usag\u00e9s","email":"sales@sk-export.com","telephone":"+97165388904","legalName":"SK Export FZC","foundingDate":"2020-11-05","taxID":"100515639100003","numberOfEmployees":{"@type":"QuantitativeValue","minValue":"51","maxValue":"200"}}]}},"_links":{"self":[{"href":"https:\/\/sk-export.com\/fr\/wp-json\/wp\/v2\/pages\/860","targetHints":{"allow":["GET"]}}],"collection":[{"href":"https:\/\/sk-export.com\/fr\/wp-json\/wp\/v2\/pages"}],"about":[{"href":"https:\/\/sk-export.com\/fr\/wp-json\/wp\/v2\/types\/page"}],"author":[{"embeddable":true,"href":"https:\/\/sk-export.com\/fr\/wp-json\/wp\/v2\/users\/1"}],"replies":[{"embeddable":true,"href":"https:\/\/sk-export.com\/fr\/wp-json\/wp\/v2\/comments?post=860"}],"version-history":[{"count":4,"href":"https:\/\/sk-export.com\/fr\/wp-json\/wp\/v2\/pages\/860\/revisions"}],"predecessor-version":[{"id":866,"href":"https:\/\/sk-export.com\/fr\/wp-json\/wp\/v2\/pages\/860\/revisions\/866"}],"wp:attachment":[{"href":"https:\/\/sk-export.com\/fr\/wp-json\/wp\/v2\/media?parent=860"}],"curies":[{"name":"wp","href":"https:\/\/api.w.org\/{rel}","templated":true}]}}